{"id":287,"date":"2018-10-10T22:48:37","date_gmt":"2018-10-10T20:48:37","guid":{"rendered":"http:\/\/mobi-sante.fr\/?page_id=287"},"modified":"2018-10-10T23:20:42","modified_gmt":"2018-10-10T21:20:42","slug":"mentions-legales","status":"publish","type":"page","link":"https:\/\/mobi-sante.fr\/index.php\/mentions-legales\/","title":{"rendered":"Mentions L\u00e9gales"},"content":{"rendered":"<div id=\"pl-287\"  class=\"panel-layout\" ><div id=\"pg-287-0\"  class=\"panel-grid panel-has-style\" ><div style=\"padding-top: 40px; padding-bottom: 0px; \" data-mobile-padding=\"0px\" data-overlay-color=\"#000000\" class=\"panel-row-style panel-row-style-for-287-0\" ><div id=\"pgc-287-0-0\"  class=\"panel-grid-cell\" ><div id=\"panel-287-0-0-0\" class=\"so-panel widget widget_text panel-first-child panel-last-child\" data-index=\"0\" ><div style=\"text-align: center;\" data-title-color=\"#2d3142\" data-headings-color=\"#2d3142\" class=\"panel-widget-style panel-widget-style-for-287-0-0-0\" >\t\t\t<div class=\"textwidget\"><p><strong>MENTIONS L\u00c9GALES<\/strong><\/p>\n<\/div>\n\t\t<\/div><\/div><\/div><\/div><\/div><div id=\"pg-287-1\"  class=\"panel-grid panel-has-style\" ><div style=\"padding-top: 0px; padding-bottom: 0px; \" data-mobile-padding=\"0px\" data-overlay-color=\"#000000\" class=\"panel-row-style panel-row-style-for-287-1\" ><div id=\"pgc-287-1-0\"  class=\"panel-grid-cell\" ><div id=\"panel-287-1-0-0\" class=\"so-panel widget widget_text panel-first-child panel-last-child\" data-index=\"1\" ><div style=\"text-align: center;\" data-title-color=\"#2d3142\" data-headings-color=\"#2d3142\" class=\"panel-widget-style panel-widget-style-for-287-1-0-0\" >\t\t\t<div class=\"textwidget\"><p align=\"left\"><strong>\u00c9diteur du site <\/strong><br \/>\nB2MVP &#8211; MobiSant\u00e9<br \/>\n6 Rue Jacques Babinet<br \/>\n31100 Toulouse<br \/>\nTel. +33 (0)5 61 40 48 98<br \/>\ncontact@mobi-sante.fr<\/p>\n<\/div>\n\t\t<\/div><\/div><\/div><div id=\"pgc-287-1-1\"  class=\"panel-grid-cell\" ><div id=\"panel-287-1-1-0\" class=\"so-panel widget widget_text panel-first-child panel-last-child\" data-index=\"2\" ><div style=\"text-align: center;\" data-title-color=\"#2d3142\" data-headings-color=\"#2d3142\" class=\"panel-widget-style panel-widget-style-for-287-1-1-0\" >\t\t\t<div class=\"textwidget\"><p align=\"left\"><strong>Conception du site<\/strong><br \/>\nc8i10.com<br \/>\ncorps8 interlign\u00e910<br \/>\nB. Stoop<\/p>\n<\/div>\n\t\t<\/div><\/div><\/div><div id=\"pgc-287-1-2\"  class=\"panel-grid-cell\" ><div id=\"panel-287-1-2-0\" class=\"so-panel widget widget_text panel-first-child panel-last-child\" data-index=\"3\" ><div style=\"text-align: center;\" data-title-color=\"#2d3142\" data-headings-color=\"#2d3142\" class=\"panel-widget-style panel-widget-style-for-287-1-2-0\" >\t\t\t<div class=\"textwidget\"><p align=\"left\"><strong>H\u00e9bergement du site internet<\/strong><br \/>\nLe site internet est h\u00e9berg\u00e9 chez OVH<\/p>\n<p>&nbsp;<\/p>\n<\/div>\n\t\t<\/div><\/div><\/div><\/div><\/div><div id=\"pg-287-2\"  class=\"panel-grid panel-has-style\" ><div style=\"padding-top: 100px; padding-bottom: 100px; \" data-mobile-padding=\"50px\" data-overlay-color=\"#000000\" class=\"panel-row-style panel-row-style-for-287-2\" ><div id=\"pgc-287-2-0\"  class=\"panel-grid-cell\" ><div id=\"panel-287-2-0-0\" class=\"so-panel widget widget_text panel-first-child panel-last-child\" data-index=\"4\" ><div style=\"text-align: center;\" data-title-color=\"#2d3142\" data-headings-color=\"#2d3142\" class=\"panel-widget-style panel-widget-style-for-287-2-0-0\" >\t\t\t<div class=\"textwidget\"><p align=\"left\"><strong>Loi informatique et libert\u00e9<\/strong><br \/>\nMentions l\u00e9gales r\u00e9glement\u00e9es par la loi n\u00b078-17 du 6 janvier 1978 relative \u00e0 l\u2019informatique, aux fichiers et aux libert\u00e9s et la loi n\u00b0 2004-575 du 21 juin 2004 pour la Confiance dans l\u2019Economie Num\u00e9rique.<\/p>\n<p>&nbsp;<\/p>\n<p align=\"left\"><strong>Donn\u00e9es personnelles<\/strong><br \/>\nVos donn\u00e9es personnelles (nom, pr\u00e9nom, adresse, code postal, ville, e-mail, \u2026) sont collect\u00e9es dans le strict respect de la loi n\u00b0 2004-575 du 21 juin 2004 pour la Confiance dans l\u2019Economie Num\u00e9rique.<br \/>\nConform\u00e9ment \u00e0 la loi n\u00b078-17 du 6 janvier 1978 relative \u00e0 l\u2019informatique, aux fichiers et aux libert\u00e9s modifi\u00e9e par la nouvelle loi Informatique et Libert\u00e9s du 6 ao\u00fbt 2004, vous disposez d\u2019un droit d\u2019acc\u00e8s, de modifications, de rectifications et de suppression des donn\u00e9es qui vous concernent. Pour cela il vous suffit de nous contacter par courrier, par e-mail ou par t\u00e9l\u00e9phone.<\/p>\n<p>&nbsp;<\/p>\n<p align=\"left\"><strong>Cookies<\/strong><br \/>\nL\u2019utilisateur est inform\u00e9\u00a0que lors de ses visites sur le site, un cookie peut s\u2019installer automatiquement sur son logiciel de navigation. Un cookie est un \u00e9l\u00e9ment qui ne permet pas d\u2019identifier l\u2019utilisateur mais sert \u00e0 enregistrer des informations relatives \u00e0 la navigation de celui-ci sur le site Internet. Le param\u00e9trage de votre logiciel de navigation permet d\u2019informer de la pr\u00e9sence de cookies et \u00e9ventuellement de la refuser selon la proc\u00e9dure d\u00e9crite \u00e0 l\u2019adresse suivante :\u00a0www.cnil.fr.<\/p>\n<\/div>\n\t\t<\/div><\/div><\/div><\/div><\/div><\/div>","protected":false},"excerpt":{"rendered":"<p>MENTIONS L\u00c9GALES \u00c9diteur du site B2MVP &#8211; MobiSant\u00e9 6 Rue Jacques Babinet 31100 Toulouse Tel. +33 (0)5 61 40 48&nbsp;[&hellip;]<\/p>\n","protected":false},"author":1,"featured_media":0,"parent":0,"menu_order":0,"comment_status":"closed","ping_status":"closed","template":"page-templates\/template_fullwidth.php","meta":[],"yoast_head":"<!-- This site is optimized with the Yoast SEO plugin v18.2 - https:\/\/yoast.com\/wordpress\/plugins\/seo\/ -->\n<title>Mentions L\u00e9gales -<\/title>\n<meta name=\"robots\" content=\"index, follow, max-snippet:-1, max-image-preview:large, max-video-preview:-1\" \/>\n<link rel=\"canonical\" href=\"https:\/\/mobi-sante.fr\/index.php\/mentions-legales\/\" \/>\n<meta property=\"og:locale\" content=\"fr_FR\" \/>\n<meta property=\"og:type\" content=\"article\" \/>\n<meta property=\"og:title\" content=\"Mentions L\u00e9gales -\" \/>\n<meta property=\"og:description\" content=\"MENTIONS L\u00c9GALES \u00c9diteur du site B2MVP - MobiSant\u00e9 6 Rue Jacques Babinet 31100 Toulouse Tel. +33 (0)5 61 40 48&nbsp;[&hellip;]\" \/>\n<meta property=\"og:url\" content=\"https:\/\/mobi-sante.fr\/index.php\/mentions-legales\/\" \/>\n<meta property=\"article:modified_time\" content=\"2018-10-10T21:20:42+00:00\" \/>\n<meta name=\"twitter:card\" content=\"summary_large_image\" \/>\n<meta name=\"twitter:label1\" content=\"Dur\u00e9e de lecture estim\u00e9e\" \/>\n\t<meta name=\"twitter:data1\" content=\"1 minute\" \/>\n<script type=\"application\/ld+json\" class=\"yoast-schema-graph\">{\"@context\":\"https:\/\/schema.org\",\"@graph\":[{\"@type\":\"WebSite\",\"@id\":\"https:\/\/mobi-sante.fr\/#website\",\"url\":\"https:\/\/mobi-sante.fr\/\",\"name\":\"\",\"description\":\"\",\"potentialAction\":[{\"@type\":\"SearchAction\",\"target\":{\"@type\":\"EntryPoint\",\"urlTemplate\":\"https:\/\/mobi-sante.fr\/?s={search_term_string}\"},\"query-input\":\"required name=search_term_string\"}],\"inLanguage\":\"fr-FR\"},{\"@type\":\"WebPage\",\"@id\":\"https:\/\/mobi-sante.fr\/index.php\/mentions-legales\/#webpage\",\"url\":\"https:\/\/mobi-sante.fr\/index.php\/mentions-legales\/\",\"name\":\"Mentions L\u00e9gales -\",\"isPartOf\":{\"@id\":\"https:\/\/mobi-sante.fr\/#website\"},\"datePublished\":\"2018-10-10T20:48:37+00:00\",\"dateModified\":\"2018-10-10T21:20:42+00:00\",\"breadcrumb\":{\"@id\":\"https:\/\/mobi-sante.fr\/index.php\/mentions-legales\/#breadcrumb\"},\"inLanguage\":\"fr-FR\",\"potentialAction\":[{\"@type\":\"ReadAction\",\"target\":[\"https:\/\/mobi-sante.fr\/index.php\/mentions-legales\/\"]}]},{\"@type\":\"BreadcrumbList\",\"@id\":\"https:\/\/mobi-sante.fr\/index.php\/mentions-legales\/#breadcrumb\",\"itemListElement\":[{\"@type\":\"ListItem\",\"position\":1,\"name\":\"Accueil\",\"item\":\"https:\/\/mobi-sante.fr\/\"},{\"@type\":\"ListItem\",\"position\":2,\"name\":\"Mentions L\u00e9gales\"}]}]}<\/script>\n<!-- \/ Yoast SEO plugin. -->","yoast_head_json":{"title":"Mentions L\u00e9gales -","robots":{"index":"index","follow":"follow","max-snippet":"max-snippet:-1","max-image-preview":"max-image-preview:large","max-video-preview":"max-video-preview:-1"},"canonical":"https:\/\/mobi-sante.fr\/index.php\/mentions-legales\/","og_locale":"fr_FR","og_type":"article","og_title":"Mentions L\u00e9gales -","og_description":"MENTIONS L\u00c9GALES \u00c9diteur du site B2MVP - MobiSant\u00e9 6 Rue Jacques Babinet 31100 Toulouse Tel. +33 (0)5 61 40 48&nbsp;[&hellip;]","og_url":"https:\/\/mobi-sante.fr\/index.php\/mentions-legales\/","article_modified_time":"2018-10-10T21:20:42+00:00","twitter_card":"summary_large_image","twitter_misc":{"Dur\u00e9e de lecture estim\u00e9e":"1 minute"},"schema":{"@context":"https:\/\/schema.org","@graph":[{"@type":"WebSite","@id":"https:\/\/mobi-sante.fr\/#website","url":"https:\/\/mobi-sante.fr\/","name":"","description":"","potentialAction":[{"@type":"SearchAction","target":{"@type":"EntryPoint","urlTemplate":"https:\/\/mobi-sante.fr\/?s={search_term_string}"},"query-input":"required name=search_term_string"}],"inLanguage":"fr-FR"},{"@type":"WebPage","@id":"https:\/\/mobi-sante.fr\/index.php\/mentions-legales\/#webpage","url":"https:\/\/mobi-sante.fr\/index.php\/mentions-legales\/","name":"Mentions L\u00e9gales -","isPartOf":{"@id":"https:\/\/mobi-sante.fr\/#website"},"datePublished":"2018-10-10T20:48:37+00:00","dateModified":"2018-10-10T21:20:42+00:00","breadcrumb":{"@id":"https:\/\/mobi-sante.fr\/index.php\/mentions-legales\/#breadcrumb"},"inLanguage":"fr-FR","potentialAction":[{"@type":"ReadAction","target":["https:\/\/mobi-sante.fr\/index.php\/mentions-legales\/"]}]},{"@type":"BreadcrumbList","@id":"https:\/\/mobi-sante.fr\/index.php\/mentions-legales\/#breadcrumb","itemListElement":[{"@type":"ListItem","position":1,"name":"Accueil","item":"https:\/\/mobi-sante.fr\/"},{"@type":"ListItem","position":2,"name":"Mentions L\u00e9gales"}]}]}},"_links":{"self":[{"href":"https:\/\/mobi-sante.fr\/index.php\/wp-json\/wp\/v2\/pages\/287"}],"collection":[{"href":"https:\/\/mobi-sante.fr\/index.php\/wp-json\/wp\/v2\/pages"}],"about":[{"href":"https:\/\/mobi-sante.fr\/index.php\/wp-json\/wp\/v2\/types\/page"}],"author":[{"embeddable":true,"href":"https:\/\/mobi-sante.fr\/index.php\/wp-json\/wp\/v2\/users\/1"}],"replies":[{"embeddable":true,"href":"https:\/\/mobi-sante.fr\/index.php\/wp-json\/wp\/v2\/comments?post=287"}],"version-history":[{"count":26,"href":"https:\/\/mobi-sante.fr\/index.php\/wp-json\/wp\/v2\/pages\/287\/revisions"}],"predecessor-version":[{"id":289,"href":"https:\/\/mobi-sante.fr\/index.php\/wp-json\/wp\/v2\/pages\/287\/revisions\/289"}],"wp:attachment":[{"href":"https:\/\/mobi-sante.fr\/index.php\/wp-json\/wp\/v2\/media?parent=287"}],"curies":[{"name":"wp","href":"https:\/\/api.w.org\/{rel}","templated":true}]}}